{"id":51,"date":"2022-06-01T09:29:46","date_gmt":"2022-06-01T09:29:46","guid":{"rendered":"https:\/\/toqueybarrera1hora.com\/?page_id=51"},"modified":"2022-10-21T15:08:41","modified_gmt":"2022-10-21T15:08:41","slug":"inicio","status":"publish","type":"page","link":"https:\/\/toqueybarrera1hora.com\/","title":{"rendered":"Inicio"},"content":{"rendered":"<p>[et_pb_section fb_built=\u00bb1&#8243; fullwidth=\u00bbon\u00bb admin_label=\u00bbHero Section\u00bb _builder_version=\u00bb4.17.3&#8243; _module_preset=\u00bbdefault\u00bb background_color=\u00bbrgba(255,255,255,0.7)\u00bb use_background_color_gradient=\u00bbon\u00bb background_color_gradient_repeat=\u00bbon\u00bb background_color_gradient_type=\u00bbconic\u00bb background_color_gradient_direction=\u00bb256deg\u00bb background_color_gradient_stops=\u00bb#2b87da 0%|#8a00a5 45%|#a80046 58%\u00bb animation_style=\u00bbzoom\u00bb animation_direction=\u00bbbottom\u00bb animation_intensity_zoom=\u00bb4%\u00bb global_colors_info=\u00bb{}\u00bb][et_pb_fullwidth_header title=\u00bb\u00a1Nos casamos!\u00bb subhead=\u00bbSergio y Luc\u00eda\u00bb text_orientation=\u00bbcenter\u00bb background_overlay_color=\u00bbrgba(255,255,255,0.85)\u00bb title_font_color=\u00bb#444235&#8243; subhead_font_color=\u00bb#444235&#8243; admin_label=\u00bbHero\u00bb _builder_version=\u00bb4.17.3&#8243; _module_preset=\u00bbdefault\u00bb title_font=\u00bbRedressed||||||||\u00bb title_text_color=\u00bb#444235&#8243; title_font_size=\u00bb100px\u00bb title_letter_spacing=\u00bb2px\u00bb title_line_height=\u00bb1.3em\u00bb subhead_font=\u00bbAlegreya SC|||on|||||\u00bb subhead_text_color=\u00bb#444235&#8243; subhead_font_size=\u00bb20px\u00bb subhead_letter_spacing=\u00bb8px\u00bb subhead_line_height=\u00bb2em\u00bb background_color=\u00bbrgba(255, 255, 255, 0)\u00bb background_enable_image=\u00bboff\u00bb parallax=\u00bbon\u00bb parallax_method=\u00bbon\u00bb custom_button_one=\u00bbon\u00bb button_one_text_size=\u00bb16px\u00bb button_one_text_color=\u00bb#ffffff\u00bb button_one_bg_color=\u00bb#d1af83&#8243; button_one_border_width=\u00bb10px\u00bb button_one_border_color=\u00bb#d1af83&#8243; button_one_border_radius=\u00bb0px\u00bb button_one_letter_spacing=\u00bb6px\u00bb button_one_font=\u00bbOpen Sans||||\u00bb button_one_icon=\u00bb&#x24;||divi||400&#8243; button_one_icon_color=\u00bb#ffffff\u00bb button_one_on_hover=\u00bboff\u00bb background_layout=\u00bblight\u00bb custom_padding=\u00bb100px||9px|||\u00bb animation_style=\u00bbfade\u00bb title_font_size_tablet=\u00bb\u00bb title_font_size_phone=\u00bb80px\u00bb title_font_size_last_edited=\u00bbon|phone\u00bb button_one_letter_spacing_hover=\u00bb10px\u00bb saved_tabs=\u00bball\u00bb global_colors_info=\u00bb{}\u00bb button_one_text_size__hover_enabled=\u00bboff\u00bb button_two_text_size__hover_enabled=\u00bboff\u00bb button_one_text_color__hover_enabled=\u00bboff\u00bb button_two_text_color__hover_enabled=\u00bboff\u00bb button_one_border_width__hover_enabled=\u00bboff\u00bb button_two_border_width__hover_enabled=\u00bboff\u00bb button_one_border_color__hover_enabled=\u00bboff\u00bb button_two_border_color__hover_enabled=\u00bboff\u00bb button_one_border_radius__hover_enabled=\u00bboff\u00bb button_two_border_radius__hover_enabled=\u00bboff\u00bb button_one_letter_spacing__hover_enabled=\u00bbon\u00bb button_one_letter_spacing__hover=\u00bb10px\u00bb button_two_letter_spacing__hover_enabled=\u00bboff\u00bb button_one_bg_color__hover_enabled=\u00bboff\u00bb button_two_bg_color__hover_enabled=\u00bboff\u00bb][\/et_pb_fullwidth_header][\/et_pb_section][et_pb_section fb_built=\u00bb1&#8243; _builder_version=\u00bb4.17.3&#8243; _module_preset=\u00bbdefault\u00bb use_background_color_gradient=\u00bbon\u00bb background_color_gradient_stops=\u00bb#eaeaea 0%|#ea9fe3 100%\u00bb global_colors_info=\u00bb{}\u00bb][et_pb_row _builder_version=\u00bb4.17.3&#8243; _module_preset=\u00bbdefault\u00bb global_colors_info=\u00bb{}\u00bb][et_pb_column type=\u00bb4_4&#8243; _builder_version=\u00bb4.17.3&#8243; _module_preset=\u00bbdefault\u00bb global_colors_info=\u00bb{}\u00bb][et_pb_cta title=\u00bbReserva la fecha!\u00bb button_text=\u00bbClics\u00bb _builder_version=\u00bb4.17.3&#8243; _module_preset=\u00bbdefault\u00bb header_font=\u00bbParisienne||||||||\u00bb header_font_size=\u00bb45px\u00bb body_font=\u00bbParisienne||||||||\u00bb body_font_size=\u00bb25px\u00bb background_color=\u00bb#E09900&#8243; use_background_color_gradient=\u00bbon\u00bb background_color_gradient_type=\u00bbcircular\u00bb background_color_gradient_direction_radial=\u00bbright\u00bb background_color_gradient_stops=\u00bbrgba(61,7,155,0.73) 0%|rgba(119,23,38,0.92) 49%|rgba(239,45,233,0.24) 100%\u00bb global_colors_info=\u00bb{}\u00bb]<\/p>\n<p>Recuerda, el 22 de Julio de 2023, tienes una cita con nosotros! Te esperamos!<\/p>\n<p>[\/et_pb_cta][\/et_pb_column][\/et_pb_row][\/et_pb_section][et_pb_section fb_built=\u00bb1&#8243; _builder_version=\u00bb4.17.3&#8243; _module_preset=\u00bbdefault\u00bb custom_padding=\u00bb||0px|||\u00bb global_colors_info=\u00bb{}\u00bb][et_pb_row _builder_version=\u00bb4.17.3&#8243; _module_preset=\u00bbdefault\u00bb global_colors_info=\u00bb{}\u00bb][et_pb_column type=\u00bb4_4&#8243; _builder_version=\u00bb4.17.3&#8243; _module_preset=\u00bbdefault\u00bb global_colors_info=\u00bb{}\u00bb][et_pb_icon font_icon=\u00bb&#xe089;||divi||400&#8243; icon_color=\u00bb#8e1b39&#8243; icon_width=\u00bb125px\u00bb _builder_version=\u00bb4.17.3&#8243; _module_preset=\u00bbdefault\u00bb custom_margin=\u00bb-54px|||||\u00bb global_colors_info=\u00bb{}\u00bb][\/et_pb_icon][\/et_pb_column][\/et_pb_row][\/et_pb_section][et_pb_section fb_built=\u00bb1&#8243; _builder_version=\u00bb4.17.3&#8243; _module_preset=\u00bbdefault\u00bb background_color=\u00bbRGBA(255,255,255,0)\u00bb background_enable_image=\u00bboff\u00bb background_blend=\u00bbdarken\u00bb custom_padding=\u00bb7px|||||\u00bb filter_brightness=\u00bb182%\u00bb filter_contrast=\u00bb61%\u00bb global_colors_info=\u00bb{}\u00bb][et_pb_row _builder_version=\u00bb4.18.0&#8243; _module_preset=\u00bbdefault\u00bb custom_margin=\u00bb|auto|-113px|auto||\u00bb global_colors_info=\u00bb{}\u00bb][et_pb_column type=\u00bb4_4&#8243; _builder_version=\u00bb4.17.3&#8243; _module_preset=\u00bbdefault\u00bb global_colors_info=\u00bb{}\u00bb][et_pb_text _builder_version=\u00bb4.18.0&#8243; _module_preset=\u00bbdefault\u00bb text_font=\u00bbSingle Day||||||||\u00bb text_text_color=\u00bb#001f2b\u00bb text_font_size=\u00bb28px\u00bb text_letter_spacing=\u00bb2px\u00bb text_line_height=\u00bb1.8em\u00bb text_orientation=\u00bbcenter\u00bb custom_margin=\u00bb||73px|||\u00bb custom_padding=\u00bb||0px|||\u00bb global_colors_info=\u00bb{}\u00bb]<\/p>\n<p>\u00a1Nos casamos! Si est\u00e1s viendo esta web, has sido seleccionado para asistir a un gran evento! Nuestra boda! Y es que, por fin Sergio hinc\u00f3 rodilla!<\/p>\n<p>Atentos a lo que se viene&#8230;<\/p>\n<p>\u00a0La ceremonia tendr\u00e1 lugar el s\u00e1bado 22 de Julio de 2023,en la Iglesia de San Benito (Valladolid), a las 13:30h.<\/p>\n<p>Al finalizar, nos dirigiremos a la finca Valim\u00f3n, donde celebraremos el cocktail y la comida.<\/p>\n<p>Y entre medias de todo&#8230; alguna que otra sorpresa, as\u00ed que ya pod\u00e9is estar bien atentos.<\/p>\n<p>&nbsp;<\/p>\n<p>[\/et_pb_text][et_pb_icon font_icon=\u00bb&#xe089;||divi||400&#8243; icon_color=\u00bb#8e1b39&#8243; icon_width=\u00bb125px\u00bb _builder_version=\u00bb4.17.3&#8243; _module_preset=\u00bbdefault\u00bb custom_margin=\u00bb-54px|||||\u00bb global_colors_info=\u00bb{}\u00bb][\/et_pb_icon][\/et_pb_column][\/et_pb_row][\/et_pb_section][et_pb_section fb_built=\u00bb1&#8243; _builder_version=\u00bb4.17.3&#8243; _module_preset=\u00bbdefault\u00bb custom_margin=\u00bb79px|||||\u00bb custom_padding=\u00bb17px||15px|||\u00bb global_colors_info=\u00bb{}\u00bb][et_pb_row _builder_version=\u00bb4.17.3&#8243; _module_preset=\u00bbdefault\u00bb min_height=\u00bb441.3px\u00bb custom_margin=\u00bb-28px|auto||auto||\u00bb custom_padding=\u00bb11px||2px|||\u00bb global_colors_info=\u00bb{}\u00bb][et_pb_column type=\u00bb4_4&#8243; _builder_version=\u00bb4.17.3&#8243; _module_preset=\u00bbdefault\u00bb global_colors_info=\u00bb{}\u00bb][et_pb_text _builder_version=\u00bb4.18.0&#8243; _module_preset=\u00bbdefault\u00bb text_font=\u00bbSingle Day||||||||\u00bb text_text_color=\u00bb#001f2b\u00bb text_font_size=\u00bb28px\u00bb text_letter_spacing=\u00bb2px\u00bb text_line_height=\u00bb1.8em\u00bb text_orientation=\u00bbcenter\u00bb custom_margin=\u00bb||73px|||\u00bb custom_padding=\u00bb||0px|||\u00bb global_colors_info=\u00bb{}\u00bb]<\/p>\n<p>Muchos os preguntar\u00e9is, que qu\u00e9 hacen estos dos locos cas\u00e1ndose en los tiempos que corren, que no esta la cosa para dispendios, que hay que ahorrar, que firmar un papel no cambia nada&#8230;<\/p>\n<p>Pero os decimos&#8230; si una pandemia no ha podido con nosotros, \u00a1es que estamos hechos el uno para el otro! \u00a1Y que mejor manera de celebrarlo que con todos vosotros!<\/p>\n<p>Y para prueba un bot\u00f3n, la de aventuras y buenos momentos que hemos vivido juntos&#8230; como por ejemplo&#8230; \u00a1La pedida!<\/p>\n<p>Mirad, mirad&#8230;<\/p>\n<p>[\/et_pb_text][\/et_pb_column][\/et_pb_row][\/et_pb_section][et_pb_section fb_built=\u00bb1&#8243; admin_label=\u00bbVideo Section\u00bb _builder_version=\u00bb4.16&#8243; _module_preset=\u00bbdefault\u00bb custom_padding=\u00bb0px||0px|\u00bb global_colors_info=\u00bb{}\u00bb][et_pb_row use_custom_gutter=\u00bbon\u00bb gutter_width=\u00bb1&#8243; admin_label=\u00bbVideo Area\u00bb module_class=\u00bb et_pb_row_fullwidth\u00bb _builder_version=\u00bb4.16&#8243; _module_preset=\u00bbdefault\u00bb background_size=\u00bbinitial\u00bb background_position=\u00bbtop_left\u00bb background_repeat=\u00bbrepeat\u00bb width=\u00bb100%\u00bb width_tablet=\u00bb100%\u00bb width_phone=\u00bb100%\u00bb width_last_edited=\u00bbon|desktop\u00bb max_width=\u00bb100%\u00bb max_width_tablet=\u00bb100%\u00bb max_width_phone=\u00bb100%\u00bb max_width_last_edited=\u00bbon|desktop\u00bb custom_padding=\u00bb0px||27px|||\u00bb make_fullwidth=\u00bbon\u00bb global_colors_info=\u00bb{}\u00bb][et_pb_column type=\u00bb4_4&#8243; _builder_version=\u00bb4.16&#8243; _module_preset=\u00bbdefault\u00bb custom_padding=\u00bb|||\u00bb global_colors_info=\u00bb{}\u00bb custom_padding__hover=\u00bb|||\u00bb][et_pb_video src=\u00bbhttps:\/\/toqueybarrera1hora.com\/wp-content\/uploads\/2022\/10\/WhatsApp-Video-2022-10-21-at-4.35.20-PM.mp4&#8243; image_src=\u00bbhttps:\/\/toqueybarrera1hora.com\/wp-content\/uploads\/2022\/06\/GPTempDownload-scaled.jpg\u00bb play_icon_color=\u00bb#ffffff\u00bb _builder_version=\u00bb4.18.0&#8243; _module_preset=\u00bbdefault\u00bb width=\u00bb60%\u00bb width_tablet=\u00bb60%\u00bb width_phone=\u00bb100%\u00bb width_last_edited=\u00bbon|phone\u00bb max_width=\u00bb100%\u00bb max_width_tablet=\u00bb100%\u00bb max_width_phone=\u00bb100%\u00bb max_width_last_edited=\u00bbon|phone\u00bb module_alignment=\u00bbcenter\u00bb min_height=\u00bb902px\u00bb min_height_tablet=\u00bb902px\u00bb min_height_phone=\u00bb100px\u00bb min_height_last_edited=\u00bbon|phone\u00bb custom_margin=\u00bb|30px||||\u00bb custom_padding=\u00bb|0px|0px|||\u00bb hover_enabled=\u00bb0&#8243; global_colors_info=\u00bb{}\u00bb title_text=\u00bbVideo 2022-10-21 at 4.35.20 PM\u00bb sticky_enabled=\u00bb0&#8243;][\/et_pb_video][\/et_pb_column][\/et_pb_row][\/et_pb_section][et_pb_section fb_built=\u00bb1&#8243; _builder_version=\u00bb4.17.3&#8243; _module_preset=\u00bbdefault\u00bb global_colors_info=\u00bb{}\u00bb][et_pb_row _builder_version=\u00bb4.17.3&#8243; _module_preset=\u00bbdefault\u00bb global_colors_info=\u00bb{}\u00bb][et_pb_column type=\u00bb4_4&#8243; _builder_version=\u00bb4.17.3&#8243; _module_preset=\u00bbdefault\u00bb global_colors_info=\u00bb{}\u00bb][et_pb_icon font_icon=\u00bb&#xe089;||divi||400&#8243; icon_color=\u00bb#8e1b39&#8243; icon_width=\u00bb125px\u00bb _builder_version=\u00bb4.17.3&#8243; _module_preset=\u00bbdefault\u00bb custom_margin=\u00bb||3px|||\u00bb global_colors_info=\u00bb{}\u00bb][\/et_pb_icon][\/et_pb_column][\/et_pb_row][et_pb_row _builder_version=\u00bb4.18.0&#8243; _module_preset=\u00bbdefault\u00bb background_image=\u00bbhttps:\/\/toqueybarrera1hora.com\/wp-content\/uploads\/2022\/09\/camino-punteado-aeroplano-corazon-avion-viaje-rastrea-ruta-linea-corazon-mapa-vuelo-ruta-avion-punto-vector-ilustracion-plan-viaje-traza-linea-aerea-como-simbolos-amor-romantico_176516-1471.jpg\u00bb background_size=\u00bbinitial\u00bb background_repeat=\u00bbround\u00bb background_blend=\u00bblighten\u00bb custom_margin=\u00bb37px|auto|9px|auto||\u00bb custom_padding=\u00bb12px||6px|||\u00bb filter_hue_rotate=\u00bb359deg\u00bb filter_saturate=\u00bb161%\u00bb filter_brightness=\u00bb144%\u00bb filter_contrast=\u00bb91%\u00bb filter_invert=\u00bb2%\u00bb global_colors_info=\u00bb{}\u00bb][et_pb_column type=\u00bb4_4&#8243; _builder_version=\u00bb4.17.3&#8243; _module_preset=\u00bbdefault\u00bb global_colors_info=\u00bb{}\u00bb][et_pb_text _builder_version=\u00bb4.18.0&#8243; _module_preset=\u00bbdefault\u00bb text_font=\u00bbAtma||||||||\u00bb text_text_color=\u00bb#055e63&#8243; text_font_size=\u00bb67px\u00bb text_letter_spacing=\u00bb3px\u00bb text_orientation=\u00bbcenter\u00bb custom_margin=\u00bb46px||136px|||\u00bb custom_padding=\u00bb0px||0px|||\u00bb text_font_size_tablet=\u00bb67px\u00bb text_font_size_phone=\u00bb30px\u00bb text_font_size_last_edited=\u00bbon|phone\u00bb global_colors_info=\u00bb{}\u00bb]<\/p>\n<p>\u00a1VIAJE DE NOVIOS!<\/p>\n<p>[\/et_pb_text][\/et_pb_column][\/et_pb_row][et_pb_row _builder_version=\u00bb4.17.3&#8243; _module_preset=\u00bbdefault\u00bb custom_padding=\u00bb6px|||||\u00bb global_colors_info=\u00bb{}\u00bb][et_pb_column type=\u00bb4_4&#8243; _builder_version=\u00bb4.17.3&#8243; _module_preset=\u00bbdefault\u00bb global_colors_info=\u00bb{}\u00bb][et_pb_text _builder_version=\u00bb4.17.3&#8243; _module_preset=\u00bbdefault\u00bb text_font=\u00bbSingle Day||||||||\u00bb text_text_color=\u00bb#001f2b\u00bb text_font_size=\u00bb28px\u00bb text_letter_spacing=\u00bb2px\u00bb text_line_height=\u00bb1.8em\u00bb text_orientation=\u00bbcenter\u00bb custom_margin=\u00bb||73px|||\u00bb custom_padding=\u00bb||0px|||\u00bb global_colors_info=\u00bb{}\u00bb]<\/p>\n<p>Si de un viaje al camping de Ribadeo, salieron perlitas como esta&#8230;<\/p>\n<p>[\/et_pb_text][\/et_pb_column][\/et_pb_row][et_pb_row _builder_version=\u00bb4.17.3&#8243; _module_preset=\u00bbdefault\u00bb global_colors_info=\u00bb{}\u00bb][et_pb_column type=\u00bb4_4&#8243; _builder_version=\u00bb4.17.3&#8243; _module_preset=\u00bbdefault\u00bb global_colors_info=\u00bb{}\u00bb][et_pb_video src=\u00bbhttps:\/\/toqueybarrera1hora.com\/wp-content\/uploads\/2022\/06\/1b7ab515-cfe4-49c4-880f-edf888999371.mp4&#8243; src_tablet=\u00bbhttps:\/\/toqueybarrera1hora.com\/wp-content\/uploads\/2022\/06\/1b7ab515-cfe4-49c4-880f-edf888999371.mp4&#8243; src_phone=\u00bbhttps:\/\/toqueybarrera1hora.com\/wp-content\/uploads\/2022\/06\/1b7ab515-cfe4-49c4-880f-edf888999371.mp4&#8243; src_last_edited=\u00bbon|phone\u00bb _builder_version=\u00bb4.17.3&#8243; _module_preset=\u00bbdefault\u00bb width=\u00bb43%\u00bb width_tablet=\u00bb43%\u00bb width_phone=\u00bb100%\u00bb width_last_edited=\u00bbon|phone\u00bb max_width=\u00bb45%\u00bb max_width_tablet=\u00bb45%\u00bb max_width_phone=\u00bb93%\u00bb max_width_last_edited=\u00bbon|phone\u00bb module_alignment=\u00bbcenter\u00bb min_height=\u00bb788px\u00bb min_height_tablet=\u00bb788px\u00bb min_height_phone=\u00bb1000px\u00bb min_height_last_edited=\u00bbon|phone\u00bb height=\u00bb1000px\u00bb custom_margin=\u00bb2px|46px|||false|false\u00bb custom_margin_tablet=\u00bb2px|46px|||false|false\u00bb custom_margin_phone=\u00bb||-440px||false|false\u00bb custom_margin_last_edited=\u00bbon|phone\u00bb custom_padding=\u00bb||0px||false|false\u00bb global_colors_info=\u00bb{}\u00bb][\/et_pb_video][\/et_pb_column][\/et_pb_row][et_pb_row _builder_version=\u00bb4.17.3&#8243; _module_preset=\u00bbdefault\u00bb custom_padding=\u00bb0px|||||\u00bb global_colors_info=\u00bb{}\u00bb][et_pb_column type=\u00bb4_4&#8243; _builder_version=\u00bb4.17.3&#8243; _module_preset=\u00bbdefault\u00bb global_colors_info=\u00bb{}\u00bb][et_pb_text _builder_version=\u00bb4.18.0&#8243; _module_preset=\u00bbdefault\u00bb text_font=\u00bbSingle Day||||||||\u00bb text_text_color=\u00bb#001f2b\u00bb text_font_size=\u00bb28px\u00bb text_letter_spacing=\u00bb2px\u00bb text_line_height=\u00bb1.8em\u00bb text_orientation=\u00bbcenter\u00bb custom_margin=\u00bb||73px|||\u00bb custom_padding=\u00bb||0px|||\u00bb global_colors_info=\u00bb{}\u00bb]<\/p>\n<p>&#8230;\u00a1No queremos ni imaginar como ser\u00e1 el viaje de novios!<\/p>\n<p>Sab\u00e9is que nos encanta viajar, pero esta vez, dejamos la moto de lado, a Luke con los abuelos&#8230; \u00a1y nos vamos a recorrer mundo!<\/p>\n<p>Estamos preparando un viaje muuuy muy guay, del que seguro saldr\u00e1n much\u00edsimas an\u00e9cdotas que recordar, -y contar-.<\/p>\n<p>Nada de vajillas, ni ajuares, ni juegos de caf\u00e9 ni cuberter\u00edas! La casa la tenemos montada, de eso se encarga nuestra restauradora personal Do\u00f1a Conchi Redondo :), as\u00ed que si quereis colaborar, y ser part\u00edcipes de nuestra gran aventura, os dejamos por aqu\u00ed dejamos nuestros contactos.<\/p>\n<p>Sergio: 628 12 54 71<\/p>\n<p>Luc\u00eda: 692 37 10 15<\/p>\n<p>[\/et_pb_text][\/et_pb_column][\/et_pb_row][\/et_pb_section]<\/p>\n","protected":false},"excerpt":{"rendered":"<p>Recuerda, el 22 de Julio de 2023, tienes una cita con nosotros! Te esperamos!\u00a1Nos casamos! Si est\u00e1s viendo esta web, has sido seleccionado para asistir a un gran evento! Nuestra boda! Y es que, por fin Sergio hinc\u00f3 rodilla! Atentos a lo que se viene&#8230; \u00a0La ceremonia tendr\u00e1 lugar el s\u00e1bado 22 de Julio de [&hellip;]<\/p>\n","protected":false},"author":1,"featured_media":0,"parent":0,"menu_order":0,"comment_status":"closed","ping_status":"closed","template":"","meta":{"_et_pb_use_builder":"on","_et_pb_old_content":"","_et_gb_content_width":"","footnotes":""},"class_list":["post-51","page","type-page","status-publish","hentry"],"_links":{"self":[{"href":"https:\/\/toqueybarrera1hora.com\/index.php?rest_route=\/wp\/v2\/pages\/51","targetHints":{"allow":["GET"]}}],"collection":[{"href":"https:\/\/toqueybarrera1hora.com\/index.php?rest_route=\/wp\/v2\/pages"}],"about":[{"href":"https:\/\/toqueybarrera1hora.com\/index.php?rest_route=\/wp\/v2\/types\/page"}],"author":[{"embeddable":true,"href":"https:\/\/toqueybarrera1hora.com\/index.php?rest_route=\/wp\/v2\/users\/1"}],"replies":[{"embeddable":true,"href":"https:\/\/toqueybarrera1hora.com\/index.php?rest_route=%2Fwp%2Fv2%2Fcomments&post=51"}],"version-history":[{"count":58,"href":"https:\/\/toqueybarrera1hora.com\/index.php?rest_route=\/wp\/v2\/pages\/51\/revisions"}],"predecessor-version":[{"id":281,"href":"https:\/\/toqueybarrera1hora.com\/index.php?rest_route=\/wp\/v2\/pages\/51\/revisions\/281"}],"wp:attachment":[{"href":"https:\/\/toqueybarrera1hora.com\/index.php?rest_route=%2Fwp%2Fv2%2Fmedia&parent=51"}],"curies":[{"name":"wp","href":"https:\/\/api.w.org\/{rel}","templated":true}]}}